{"id":83,"date":"2014-11-12T20:48:10","date_gmt":"2014-11-12T20:48:10","guid":{"rendered":"https:\/\/demo.rescuethemes.com\/gateway\/?page_id=44"},"modified":"2018-07-03T13:48:40","modified_gmt":"2018-07-03T12:48:40","slug":"contact-page","status":"publish","type":"page","link":"https:\/\/de.cruise-amsterdam.nl\/index.php\/contact-page\/","title":{"rendered":"Kontakt"},"content":{"rendered":"<div><span style=\"color: #efefef;\">https:\/\/cruise-amsterdam.nl\/Kreuzfahrt Amsterdam.jpgKreuzfahrt Amsterdam 1947Amsterdam.Kreuzfahrt Amsterdam schipper van Kreuzfahrt Amsterdam<\/span><\/div>\n<p>Wenn Sie sich f\u00fcr eine sch\u00f6ne Kreuzfahrt in einem unserer Boote interessieren oder m\u00f6chten Sie eine bisonderes treffen organisieren, dann k\u00f6nnen Sie uns kontaktieren bei mail: info@nc-support.nl oder verwenden die Telefon +316-10695479.<\/p>\n<hr \/>\n<form action=\"https:\/\/cruise-amsterdam.nl\/contact.php\" method=\"post\" name=\"Kontact\"><\/form>","protected":false},"excerpt":{"rendered":"<p>https:\/\/cruise-amsterdam.nl\/Kreuzfahrt Amsterdam.jpgKreuzfahrt Amsterdam 1947Amsterdam.Kreuzfahrt Amsterdam schipper van Kreuzfahrt Amsterdam Wenn Sie sich f\u00fcr eine sch\u00f6ne Kreuzfahrt in einem unserer Boote interessieren oder m\u00f6chten Sie eine bisonderes treffen organisieren, dann k\u00f6nnen Sie uns kontaktieren bei mail: info@nc-support.nl oder verwenden die Telefon +316-10695479.<\/p>\n","protected":false},"author":2,"featured_media":0,"parent":0,"menu_order":0,"comment_status":"closed","ping_status":"closed","template":"","meta":[],"_links":{"self":[{"href":"https:\/\/de.cruise-amsterdam.nl\/index.php\/wp-json\/wp\/v2\/pages\/83"}],"collection":[{"href":"https:\/\/de.cruise-amsterdam.nl\/index.php\/wp-json\/wp\/v2\/pages"}],"about":[{"href":"https:\/\/de.cruise-amsterdam.nl\/index.php\/wp-json\/wp\/v2\/types\/page"}],"author":[{"embeddable":true,"href":"https:\/\/de.cruise-amsterdam.nl\/index.php\/wp-json\/wp\/v2\/users\/2"}],"replies":[{"embeddable":true,"href":"https:\/\/de.cruise-amsterdam.nl\/index.php\/wp-json\/wp\/v2\/comments?post=83"}],"version-history":[{"count":59,"href":"https:\/\/de.cruise-amsterdam.nl\/index.php\/wp-json\/wp\/v2\/pages\/83\/revisions"}],"predecessor-version":[{"id":584,"href":"https:\/\/de.cruise-amsterdam.nl\/index.php\/wp-json\/wp\/v2\/pages\/83\/revisions\/584"}],"wp:attachment":[{"href":"https:\/\/de.cruise-amsterdam.nl\/index.php\/wp-json\/wp\/v2\/media?parent=83"}],"curies":[{"name":"wp","href":"https:\/\/api.w.org\/{rel}","templated":true}]}}