{"id":385,"date":"2017-07-14T08:03:48","date_gmt":"2017-07-14T07:03:48","guid":{"rendered":"https:\/\/cruise-amsterdam.nl\/?page_id=385"},"modified":"2023-07-19T13:19:40","modified_gmt":"2023-07-19T12:19:40","slug":"sloep-enjoy-the-moment","status":"publish","type":"page","link":"https:\/\/de.cruise-amsterdam.nl\/index.php\/sloep-enjoy-the-moment\/","title":{"rendered":"Slup \u201eGenie\u00dfen Sie den Moment\u201c"},"content":{"rendered":"Unsere Luxus-Korvette \u201eGenie\u00dfen Sie den Moment\u201c, bieten wir Ihnen Komfort und Gastlichkeit auf Ihre spezifischen Bed\u00fcrfnisse zugeschnitten sind. Es ist auch m\u00f6glich, Gijs f\u00fcr eine Kreuzfahrt aus den Kan\u00e4len von Amsterdam, wie der Amstel zu mieten.<\/p>\n<div id='gallery-3' class='gallery galleryid-385 gallery-columns-3 gallery-size-thumbnail'><figure class='gallery-item'>\n\t\t\t<div class='gallery-icon landscape'>\n\t\t\t\t<a href='https:\/\/de.cruise-amsterdam.nl\/index.php\/sloep-enjoy-the-moment\/sloep-etm-20170714-wa0001\/'><img width=\"150\" height=\"150\" src=\"https:\/\/cruise-amsterdam.nl\/wp-content\/uploads\/2017\/07\/Sloep-EtM-20170714-WA0001-150x150.jpg\" class=\"attachment-thumbnail size-thumbnail\" alt=\"\" loading=\"lazy\" \/><\/a>\n\t\t\t<\/div><\/figure><figure class='gallery-item'>\n\t\t\t<div class='gallery-icon portrait'>\n\t\t\t\t<a href='https:\/\/de.cruise-amsterdam.nl\/index.php\/sloep-enjoy-the-moment\/sloep-etm-20170620-wa0001\/'><img width=\"150\" height=\"150\" src=\"https:\/\/cruise-amsterdam.nl\/wp-content\/uploads\/2017\/07\/Sloep-EtM-20170620-WA0001-150x150.jpg\" class=\"attachment-thumbnail size-thumbnail\" alt=\"\" loading=\"lazy\" \/><\/a>\n\t\t\t<\/div><\/figure><figure class='gallery-item'>\n\t\t\t<div class='gallery-icon portrait'>\n\t\t\t\t<a href='https:\/\/de.cruise-amsterdam.nl\/index.php\/sloep-enjoy-the-moment\/sloep-etm-20170616-wa0008\/'><img width=\"150\" height=\"150\" src=\"https:\/\/cruise-amsterdam.nl\/wp-content\/uploads\/2017\/07\/Sloep-EtM-20170616-WA0008-150x150.jpg\" class=\"attachment-thumbnail size-thumbnail\" alt=\"\" loading=\"lazy\" \/><\/a>\n\t\t\t<\/div><\/figure>\n\t\t<\/div>\n\n<p>&nbsp;<\/p>\n<p>&nbsp;<\/p>\n<p>&nbsp;<\/p>\n<p>&nbsp;<\/p>\n<p>&nbsp;<\/p>\n<p>&nbsp;<\/p>\n<p>Tarieve Enjoy the Moment:<\/p>\n<p>Fahrte zwischen 09.00 and 22.00 einschlie\u00dflich Skipper (catering auf anfrage\/in Absprache)<\/p>\n<p>\u20ac135,- p\/h (minimum 2 stunde, inklusive Begr\u00fc\u00dfungsgetr\u00e4nk).<\/p>\n<p>Zus\u00e4tzliche stunden \u20ac110,- .","protected":false},"excerpt":{"rendered":"<p>Unsere Luxus-Korvette \u201eGenie\u00dfen Sie den Moment\u201c, bieten wir Ihnen Komfort und Gastlichkeit auf Ihre spezifischen Bed\u00fcrfnisse zugeschnitten sind. Es ist auch m\u00f6glich, Gijs f\u00fcr eine Kreuzfahrt aus den Kan\u00e4len von Amsterdam, wie der Amstel zu mieten. &nbsp; &nbsp; &nbsp; &nbsp; &nbsp; &nbsp; Tarieve Enjoy the Moment: Fahrte zwischen 09.00 and 22.00 einschlie\u00dflich Skipper (catering auf [&hellip;]<\/p>\n","protected":false},"author":2,"featured_media":0,"parent":0,"menu_order":0,"comment_status":"closed","ping_status":"closed","template":"","meta":[],"_links":{"self":[{"href":"https:\/\/de.cruise-amsterdam.nl\/index.php\/wp-json\/wp\/v2\/pages\/385"}],"collection":[{"href":"https:\/\/de.cruise-amsterdam.nl\/index.php\/wp-json\/wp\/v2\/pages"}],"about":[{"href":"https:\/\/de.cruise-amsterdam.nl\/index.php\/wp-json\/wp\/v2\/types\/page"}],"author":[{"embeddable":true,"href":"https:\/\/de.cruise-amsterdam.nl\/index.php\/wp-json\/wp\/v2\/users\/2"}],"replies":[{"embeddable":true,"href":"https:\/\/de.cruise-amsterdam.nl\/index.php\/wp-json\/wp\/v2\/comments?post=385"}],"version-history":[{"count":67,"href":"https:\/\/de.cruise-amsterdam.nl\/index.php\/wp-json\/wp\/v2\/pages\/385\/revisions"}],"predecessor-version":[{"id":623,"href":"https:\/\/de.cruise-amsterdam.nl\/index.php\/wp-json\/wp\/v2\/pages\/385\/revisions\/623"}],"wp:attachment":[{"href":"https:\/\/de.cruise-amsterdam.nl\/index.php\/wp-json\/wp\/v2\/media?parent=385"}],"curies":[{"name":"wp","href":"https:\/\/api.w.org\/{rel}","templated":true}]}}