{"id":27,"date":"2016-10-27T14:02:06","date_gmt":"2016-10-27T14:02:06","guid":{"rendered":"https:\/\/cruise-amsterdam.nl\/?page_id=27"},"modified":"2023-07-19T12:41:58","modified_gmt":"2023-07-19T11:41:58","slug":"zakelijk-varen","status":"publish","type":"page","link":"https:\/\/de.cruise-amsterdam.nl\/index.php\/zakelijk-varen\/","title":{"rendered":"Bootsfahrt als gesch\u00e4ftliches Event"},"content":{"rendered":"Intensivieren Sie Ihre Beziehungen zu Gesch\u00e4ftspartnern oder Mitarbeitern, indem Sie etwas ganz besonderes f\u00fcr sie organisieren und lassen Sie sie Amsterdam auf eine einzigartige Art und Weise entdecken. Cruise Amsterdam bietet Bootsfahrten mit Mittagessen oder einem Umtrunk durch die Grachten von Amsterdam und die Umgebung. Wenn Sie sich dazu entscheiden, ein klassisches Boot zu mieten, bieten wir Ihnen den idealen Rahmen f\u00fcr gesch\u00e4ftliche Ausfl\u00fcge, Teambuilding oder Veranstaltungen mit Gesch\u00e4ftspartnern. Wir heben uns von anderen Anbietern ab, da wir unsere klassische Slup Gijs zum Beispiel mit einem Mittagessen an Bord kombinieren oder Ihnen erst einen Umtrunk anbieten und Sie anschlie\u00dfend bei einem der vielen Restaurants absetzen. So wird Ihre Veranstaltung garantiert zu einem unvergesslichen, einzigartigen Erlebnis. Unser Angebot umfasst verschiedene Arrangements, wie zum Beispiel eine Champagner\/Prosecco-Cruise, Candlelight-Cruise, eine Bootsfahrt mit Umtrunk oder eine Sushi-Cruise. Dar\u00fcber hinaus bieten wir Ihnen auch gerne Snacks zum Drink an, auch f\u00fcr die anspruchsvollsten Gaumen. <a href=\"https:\/\/de.cruise-amsterdam.nl\/index.php\/contact\/\" target=\"_blank\" rel=\"noopener noreferrer\">Reservieren<\/a>","protected":false},"excerpt":{"rendered":"<p>Intensivieren Sie Ihre Beziehungen zu Gesch\u00e4ftspartnern oder Mitarbeitern, indem Sie etwas ganz besonderes f\u00fcr sie organisieren und lassen Sie sie Amsterdam auf eine einzigartige Art und Weise entdecken. Cruise Amsterdam bietet Bootsfahrten mit Mittagessen oder einem Umtrunk durch die Grachten von Amsterdam und die Umgebung. Wenn Sie sich dazu entscheiden, ein klassisches Boot zu mieten, [&hellip;]<\/p>\n","protected":false},"author":2,"featured_media":0,"parent":0,"menu_order":0,"comment_status":"closed","ping_status":"closed","template":"","meta":[],"_links":{"self":[{"href":"https:\/\/de.cruise-amsterdam.nl\/index.php\/wp-json\/wp\/v2\/pages\/27"}],"collection":[{"href":"https:\/\/de.cruise-amsterdam.nl\/index.php\/wp-json\/wp\/v2\/pages"}],"about":[{"href":"https:\/\/de.cruise-amsterdam.nl\/index.php\/wp-json\/wp\/v2\/types\/page"}],"author":[{"embeddable":true,"href":"https:\/\/de.cruise-amsterdam.nl\/index.php\/wp-json\/wp\/v2\/users\/2"}],"replies":[{"embeddable":true,"href":"https:\/\/de.cruise-amsterdam.nl\/index.php\/wp-json\/wp\/v2\/comments?post=27"}],"version-history":[{"count":23,"href":"https:\/\/de.cruise-amsterdam.nl\/index.php\/wp-json\/wp\/v2\/pages\/27\/revisions"}],"predecessor-version":[{"id":603,"href":"https:\/\/de.cruise-amsterdam.nl\/index.php\/wp-json\/wp\/v2\/pages\/27\/revisions\/603"}],"wp:attachment":[{"href":"https:\/\/de.cruise-amsterdam.nl\/index.php\/wp-json\/wp\/v2\/media?parent=27"}],"curies":[{"name":"wp","href":"https:\/\/api.w.org\/{rel}","templated":true}]}}